{"id":1074,"date":"2024-10-15T17:03:32","date_gmt":"2024-10-15T15:03:32","guid":{"rendered":"https:\/\/casacirana.com\/menu\/"},"modified":"2025-12-16T12:55:25","modified_gmt":"2025-12-16T11:55:25","slug":"menu","status":"publish","type":"page","link":"https:\/\/casacirana.com\/en\/menu\/","title":{"rendered":"Menu"},"content":{"rendered":"\t\t<div data-elementor-type=\"wp-page\" data-elementor-id=\"1074\" class=\"elementor elementor-1074 elementor-367\" data-elementor-post-type=\"page\">\n\t\t\t\t\t\t<section class=\"elementor-section elementor-top-section elementor-element elementor-element-3f839b9c elementor-section-full_width elementor-reverse-tablet elementor-reverse-mobile elementor-section-height-default elementor-section-height-default\" data-id=\"3f839b9c\" data-element_type=\"section\">\n\t\t\t\t\t\t<div class=\"elementor-container elementor-column-gap-no\">\n\t\t\t\t\t<div class=\"elementor-column elementor-col-50 elementor-top-column elementor-element elementor-element-26d85b5f\" data-id=\"26d85b5f\" data-element_type=\"column\">\n\t\t\t<div class=\"elementor-widget-wrap elementor-element-populated\">\n\t\t\t\t\t\t<div class=\"elementor-element elementor-element-77611b34 elementor-widget elementor-widget-heading\" data-id=\"77611b34\" data-element_type=\"widget\" data-widget_type=\"heading.default\">\n\t\t\t\t<div class=\"elementor-widget-container\">\n\t\t\t\t\t<h2 class=\"elementor-heading-title elementor-size-default\">Menus<\/h2>\t\t\t\t<\/div>\n\t\t\t\t<\/div>\n\t\t\t\t<div class=\"elementor-element elementor-element-456b4334 elementor-widget elementor-widget-text-editor\" data-id=\"456b4334\" data-element_type=\"widget\" data-widget_type=\"text-editor.default\">\n\t\t\t\t<div class=\"elementor-widget-container\">\n\t\t\t\t\t\t\t\t\t<p>With seasonality as our roadmap, our offering is a flexible concept. It changes according to what we obtain from land and sea, at its optimal point, at the right time. <\/p>\t\t\t\t\t\t\t\t<\/div>\n\t\t\t\t<\/div>\n\t\t\t\t<div class=\"elementor-element elementor-element-7682af11 elementor-widget elementor-widget-button\" data-id=\"7682af11\" data-element_type=\"widget\" data-widget_type=\"button.default\">\n\t\t\t\t<div class=\"elementor-widget-container\">\n\t\t\t\t\t\t\t\t\t<div class=\"elementor-button-wrapper\">\n\t\t\t\t\t<a class=\"elementor-button elementor-button-link elementor-size-sm elementor-animation-wobble-horizontal\" href=\"https:\/\/casacirana.com\/en\/book-a-table-in-casa-cirana\/\">\n\t\t\t\t\t\t<span class=\"elementor-button-content-wrapper\">\n\t\t\t\t\t\t\t\t\t<span class=\"elementor-button-text\">Book a table<\/span>\n\t\t\t\t\t<\/span>\n\t\t\t\t\t<\/a>\n\t\t\t\t<\/div>\n\t\t\t\t\t\t\t\t<\/div>\n\t\t\t\t<\/div>\n\t\t\t\t\t<\/div>\n\t\t<\/div>\n\t\t\t\t<div class=\"elementor-column elementor-col-50 elementor-top-column elementor-element elementor-element-53fa0d19\" data-id=\"53fa0d19\" data-element_type=\"column\">\n\t\t\t<div class=\"elementor-widget-wrap elementor-element-populated\">\n\t\t\t\t\t\t<div class=\"elementor-element elementor-element-361b6e1d elementor-widget elementor-widget-image\" data-id=\"361b6e1d\" data-element_type=\"widget\" data-widget_type=\"image.default\">\n\t\t\t\t<div class=\"elementor-widget-container\">\n\t\t\t\t\t\t\t\t\t\t\t\t\t\t\t<img fetchpriority=\"high\" decoding=\"async\" width=\"1106\" height=\"770\" src=\"https:\/\/casacirana.com\/wp-content\/uploads\/2025\/02\/menu-casa-cirana-1.jpg\" class=\"attachment-full size-full wp-image-958\" alt=\"\" srcset=\"https:\/\/casacirana.com\/wp-content\/uploads\/2025\/02\/menu-casa-cirana-1.jpg 1106w, https:\/\/casacirana.com\/wp-content\/uploads\/2025\/02\/menu-casa-cirana-1-600x418.jpg 600w, https:\/\/casacirana.com\/wp-content\/uploads\/2025\/02\/menu-casa-cirana-1-300x209.jpg 300w, https:\/\/casacirana.com\/wp-content\/uploads\/2025\/02\/menu-casa-cirana-1-1024x713.jpg 1024w, https:\/\/casacirana.com\/wp-content\/uploads\/2025\/02\/menu-casa-cirana-1-768x535.jpg 768w\" sizes=\"(max-width: 1106px) 100vw, 1106px\" \/>\t\t\t\t\t\t\t\t\t\t\t\t\t\t\t<\/div>\n\t\t\t\t<\/div>\n\t\t\t\t<div class=\"elementor-element elementor-element-3f8f0711 elementor-widget__width-initial elementor-absolute elementor-hidden-tablet elementor-hidden-phone elementor-widget elementor-widget-image\" data-id=\"3f8f0711\" data-element_type=\"widget\" data-settings=\"{&quot;_position&quot;:&quot;absolute&quot;}\" data-widget_type=\"image.default\">\n\t\t\t\t<div class=\"elementor-widget-container\">\n\t\t\t\t\t\t\t\t\t\t\t\t\t\t\t<img decoding=\"async\" width=\"631\" height=\"750\" src=\"https:\/\/casacirana.com\/wp-content\/uploads\/2024\/10\/contacts-5.png\" class=\"attachment-full size-full wp-image-922\" alt=\"\" srcset=\"https:\/\/casacirana.com\/wp-content\/uploads\/2024\/10\/contacts-5.png 631w, https:\/\/casacirana.com\/wp-content\/uploads\/2024\/10\/contacts-5-600x713.png 600w, https:\/\/casacirana.com\/wp-content\/uploads\/2024\/10\/contacts-5-252x300.png 252w\" sizes=\"(max-width: 631px) 100vw, 631px\" \/>\t\t\t\t\t\t\t\t\t\t\t\t\t\t\t<\/div>\n\t\t\t\t<\/div>\n\t\t\t\t\t<\/div>\n\t\t<\/div>\n\t\t\t\t\t<\/div>\n\t\t<\/section>\n\t\t\t\t<section class=\"elementor-section elementor-top-section elementor-element elementor-element-647c432c elementor-section-full_width elementor-section-height-default elementor-section-height-default\" data-id=\"647c432c\" data-element_type=\"section\">\n\t\t\t\t\t\t<div class=\"elementor-container elementor-column-gap-no\">\n\t\t\t\t\t<div class=\"elementor-column elementor-col-50 elementor-top-column elementor-element elementor-element-292de46d\" data-id=\"292de46d\" data-element_type=\"column\">\n\t\t\t<div class=\"elementor-widget-wrap elementor-element-populated\">\n\t\t\t\t\t\t<div class=\"elementor-element elementor-element-3d560fb9 elementor-widget elementor-widget-image\" data-id=\"3d560fb9\" data-element_type=\"widget\" data-widget_type=\"image.default\">\n\t\t\t\t<div class=\"elementor-widget-container\">\n\t\t\t\t\t\t\t\t\t\t\t\t\t\t\t<img decoding=\"async\" width=\"759\" height=\"1050\" src=\"https:\/\/casacirana.com\/wp-content\/uploads\/2025\/02\/menu-casa-cirana-2.jpg\" class=\"attachment-full size-full wp-image-957\" alt=\"\" srcset=\"https:\/\/casacirana.com\/wp-content\/uploads\/2025\/02\/menu-casa-cirana-2.jpg 759w, https:\/\/casacirana.com\/wp-content\/uploads\/2025\/02\/menu-casa-cirana-2-600x830.jpg 600w, https:\/\/casacirana.com\/wp-content\/uploads\/2025\/02\/menu-casa-cirana-2-217x300.jpg 217w, https:\/\/casacirana.com\/wp-content\/uploads\/2025\/02\/menu-casa-cirana-2-740x1024.jpg 740w\" sizes=\"(max-width: 759px) 100vw, 759px\" \/>\t\t\t\t\t\t\t\t\t\t\t\t\t\t\t<\/div>\n\t\t\t\t<\/div>\n\t\t\t\t\t<\/div>\n\t\t<\/div>\n\t\t\t\t<div class=\"elementor-column elementor-col-50 elementor-top-column elementor-element elementor-element-7a541cc7\" data-id=\"7a541cc7\" data-element_type=\"column\">\n\t\t\t<div class=\"elementor-widget-wrap elementor-element-populated\">\n\t\t\t\t\t\t<div class=\"elementor-element elementor-element-79f8b128 elementor-widget elementor-widget-heading\" data-id=\"79f8b128\" data-element_type=\"widget\" data-widget_type=\"heading.default\">\n\t\t\t\t<div class=\"elementor-widget-container\">\n\t\t\t\t\t<h2 class=\"elementor-heading-title elementor-size-default\">Tasting menu or \u00e0 la carte<\/h2>\t\t\t\t<\/div>\n\t\t\t\t<\/div>\n\t\t\t\t<div class=\"elementor-element elementor-element-9b222ee elementor-widget elementor-widget-text-editor\" data-id=\"9b222ee\" data-element_type=\"widget\" data-widget_type=\"text-editor.default\">\n\t\t\t\t<div class=\"elementor-widget-container\">\n\t\t\t\t\t\t\t\t\t<p><strong><em>Enxebre<\/em><\/strong>; the pure, the authentic, the genuine.<\/p><p><strong><em>Amodi\u00f1os<\/em><\/strong>; slow, unhurried, enjoying what matters to us.<\/p><p>Our two tasting menus, of varying lengths, showcase both our signature dishes and the latest seasonal ideas.<\/p><p>Or simply \u00e0 la carte, different ways to enjoy your visit.<\/p>\t\t\t\t\t\t\t\t<\/div>\n\t\t\t\t<\/div>\n\t\t\t\t<div class=\"elementor-element elementor-element-3af6ac2 elementor-hidden-desktop elementor-hidden-tablet elementor-hidden-mobile elementor-widget elementor-widget-text-editor\" data-id=\"3af6ac2\" data-element_type=\"widget\" data-widget_type=\"text-editor.default\">\n\t\t\t\t<div class=\"elementor-widget-container\">\n\t\t\t\t\t\t\t\t\t<p><strong><em>Enxebre<\/em><\/strong>; lo puro, lo autentico, lo genuino.<\/p><p><strong><em>Amodi\u00f1os<\/em><\/strong>; lo pausado, sin prisas, disfrutar de lo que nos importa.<\/p><p>Nuestros dos men\u00fas degustaci\u00f3n, de diferente extensi\u00f3n, para mostraros tanto lo m\u00e1s representativo de nuestra casa como las nuevas ideas de cada estaci\u00f3n.<\/p><p>O simplemente a la carta, diferentes formas de disfrutar vuestra visita.<\/p>\t\t\t\t\t\t\t\t<\/div>\n\t\t\t\t<\/div>\n\t\t\t\t<div class=\"elementor-element elementor-element-95fd8a6 elementor-widget elementor-widget-button\" data-id=\"95fd8a6\" data-element_type=\"widget\" data-widget_type=\"button.default\">\n\t\t\t\t<div class=\"elementor-widget-container\">\n\t\t\t\t\t\t\t\t\t<div class=\"elementor-button-wrapper\">\n\t\t\t\t\t<a class=\"elementor-button elementor-button-link elementor-size-sm elementor-animation-wobble-horizontal\" href=\"https:\/\/casacirana.com\/en\/book-a-table-in-casa-cirana\/\">\n\t\t\t\t\t\t<span class=\"elementor-button-content-wrapper\">\n\t\t\t\t\t\t\t\t\t<span class=\"elementor-button-text\">Book a table<\/span>\n\t\t\t\t\t<\/span>\n\t\t\t\t\t<\/a>\n\t\t\t\t<\/div>\n\t\t\t\t\t\t\t\t<\/div>\n\t\t\t\t<\/div>\n\t\t\t\t\t<\/div>\n\t\t<\/div>\n\t\t\t\t\t<\/div>\n\t\t<\/section>\n\t\t\t\t<section class=\"elementor-section elementor-top-section elementor-element elementor-element-a938e11 elementor-section-full_width elementor-hidden-tablet elementor-hidden-phone elementor-section-height-default elementor-section-height-default\" data-id=\"a938e11\" data-element_type=\"section\">\n\t\t\t\t\t\t<div class=\"elementor-container elementor-column-gap-no\">\n\t\t\t\t\t<div class=\"elementor-column elementor-col-50 elementor-top-column elementor-element elementor-element-20d4ba82\" data-id=\"20d4ba82\" data-element_type=\"column\">\n\t\t\t<div class=\"elementor-widget-wrap elementor-element-populated\">\n\t\t\t\t\t\t<div class=\"elementor-element elementor-element-7ba9cf46 elementor-widget__width-initial elementor-absolute elementor-hidden-tablet elementor-hidden-phone elementor-widget elementor-widget-image\" data-id=\"7ba9cf46\" data-element_type=\"widget\" data-settings=\"{&quot;_position&quot;:&quot;absolute&quot;}\" data-widget_type=\"image.default\">\n\t\t\t\t<div class=\"elementor-widget-container\">\n\t\t\t\t\t\t\t\t\t\t\t\t\t\t\t<img loading=\"lazy\" decoding=\"async\" width=\"254\" height=\"578\" src=\"https:\/\/casacirana.com\/wp-content\/uploads\/2024\/10\/menu-3.png\" class=\"attachment-full size-full wp-image-920\" alt=\"\" srcset=\"https:\/\/casacirana.com\/wp-content\/uploads\/2024\/10\/menu-3.png 254w, https:\/\/casacirana.com\/wp-content\/uploads\/2024\/10\/menu-3-132x300.png 132w\" sizes=\"(max-width: 254px) 100vw, 254px\" \/>\t\t\t\t\t\t\t\t\t\t\t\t\t\t\t<\/div>\n\t\t\t\t<\/div>\n\t\t\t\t\t<\/div>\n\t\t<\/div>\n\t\t\t\t<div class=\"elementor-column elementor-col-50 elementor-top-column elementor-element elementor-element-6c8a14d6\" data-id=\"6c8a14d6\" data-element_type=\"column\">\n\t\t\t<div class=\"elementor-widget-wrap\">\n\t\t\t\t\t\t\t<\/div>\n\t\t<\/div>\n\t\t\t\t\t<\/div>\n\t\t<\/section>\n\t\t\t\t<\/div>\n\t\t","protected":false},"excerpt":{"rendered":"<p>Menus With seasonality as our roadmap, our offering is a flexible concept. It changes according to what we obtain from land and sea, at its optimal point, at the right time. Book a table Tasting menu or \u00e0 la carte Enxebre; the pure, the authentic, the genuine. Amodi\u00f1os; slow, unhurried, enjoying what matters to us. [&hellip;]<\/p>\n","protected":false},"author":1,"featured_media":0,"parent":0,"menu_order":0,"comment_status":"closed","ping_status":"closed","template":"elementor_header_footer","meta":{"footnotes":""},"class_list":["post-1074","page","type-page","status-publish","hentry"],"yoast_head":"<!-- This site is optimized with the Yoast SEO Premium plugin v26.2 (Yoast SEO v26.8) - https:\/\/yoast.com\/product\/yoast-seo-premium-wordpress\/ -->\n<title>Casa Cirana Menu - Restaurant in Santander<\/title>\n<meta name=\"description\" content=\"Casa Cirana Restaurant offers you a choice of \u00e0 la carte menus and also its tasting menus, Enxebre or Amodi\u00f1os, different ways to enjoy.\" \/>\n<meta name=\"robots\" content=\"index, follow, max-snippet:-1, max-image-preview:large, max-video-preview:-1\" \/>\n<link rel=\"canonical\" href=\"https:\/\/casacirana.com\/en\/menu\/\" \/>\n<meta property=\"og:locale\" content=\"en_US\" \/>\n<meta property=\"og:type\" content=\"article\" \/>\n<meta property=\"og:title\" content=\"Menu\" \/>\n<meta property=\"og:description\" content=\"Casa Cirana Restaurant offers you a choice of \u00e0 la carte menus and also its tasting menus, Enxebre or Amodi\u00f1os, different ways to enjoy.\" \/>\n<meta property=\"og:url\" content=\"https:\/\/casacirana.com\/en\/menu\/\" \/>\n<meta property=\"og:site_name\" content=\"Restaurante Casa Cirana\" \/>\n<meta property=\"article:modified_time\" content=\"2025-12-16T11:55:25+00:00\" \/>\n<meta property=\"og:image\" content=\"https:\/\/casacirana.com\/wp-content\/uploads\/2025\/02\/menu-casa-cirana-1.jpg\" \/>\n\t<meta property=\"og:image:width\" content=\"1106\" \/>\n\t<meta property=\"og:image:height\" content=\"770\" \/>\n\t<meta property=\"og:image:type\" content=\"image\/jpeg\" \/>\n<meta name=\"twitter:card\" content=\"summary_large_image\" \/>\n<meta name=\"twitter:label1\" content=\"Est. reading time\" \/>\n\t<meta name=\"twitter:data1\" content=\"1 minute\" \/>\n<script type=\"application\/ld+json\" class=\"yoast-schema-graph\">{\"@context\":\"https:\/\/schema.org\",\"@graph\":[{\"@type\":\"WebPage\",\"@id\":\"https:\/\/casacirana.com\/en\/menu\/\",\"url\":\"https:\/\/casacirana.com\/en\/menu\/\",\"name\":\"Casa Cirana Menu - Restaurant in Santander\",\"isPartOf\":{\"@id\":\"https:\/\/casacirana.com\/#website\"},\"primaryImageOfPage\":{\"@id\":\"https:\/\/casacirana.com\/en\/menu\/#primaryimage\"},\"image\":{\"@id\":\"https:\/\/casacirana.com\/en\/menu\/#primaryimage\"},\"thumbnailUrl\":\"https:\/\/casacirana.com\/wp-content\/uploads\/2025\/02\/menu-casa-cirana-1.jpg\",\"datePublished\":\"2024-10-15T15:03:32+00:00\",\"dateModified\":\"2025-12-16T11:55:25+00:00\",\"description\":\"Casa Cirana Restaurant offers you a choice of \u00e0 la carte menus and also its tasting menus, Enxebre or Amodi\u00f1os, different ways to enjoy.\",\"breadcrumb\":{\"@id\":\"https:\/\/casacirana.com\/en\/menu\/#breadcrumb\"},\"inLanguage\":\"en-US\",\"potentialAction\":[{\"@type\":\"ReadAction\",\"target\":[\"https:\/\/casacirana.com\/en\/menu\/\"]}]},{\"@type\":\"ImageObject\",\"inLanguage\":\"en-US\",\"@id\":\"https:\/\/casacirana.com\/en\/menu\/#primaryimage\",\"url\":\"https:\/\/casacirana.com\/wp-content\/uploads\/2025\/02\/menu-casa-cirana-1.jpg\",\"contentUrl\":\"https:\/\/casacirana.com\/wp-content\/uploads\/2025\/02\/menu-casa-cirana-1.jpg\"},{\"@type\":\"BreadcrumbList\",\"@id\":\"https:\/\/casacirana.com\/en\/menu\/#breadcrumb\",\"itemListElement\":[{\"@type\":\"ListItem\",\"position\":1,\"name\":\"Portada\",\"item\":\"https:\/\/casacirana.com\/en\/casa-cirana\/\"},{\"@type\":\"ListItem\",\"position\":2,\"name\":\"Menu\"}]},{\"@type\":\"WebSite\",\"@id\":\"https:\/\/casacirana.com\/#website\",\"url\":\"https:\/\/casacirana.com\/\",\"name\":\"Restaurante Casa Cirana\",\"description\":\"\",\"publisher\":{\"@id\":\"https:\/\/casacirana.com\/#organization\"},\"potentialAction\":[{\"@type\":\"SearchAction\",\"target\":{\"@type\":\"EntryPoint\",\"urlTemplate\":\"https:\/\/casacirana.com\/?s={search_term_string}\"},\"query-input\":{\"@type\":\"PropertyValueSpecification\",\"valueRequired\":true,\"valueName\":\"search_term_string\"}}],\"inLanguage\":\"en-US\"},{\"@type\":\"Organization\",\"@id\":\"https:\/\/casacirana.com\/#organization\",\"name\":\"Restaurante Casa Cirana\",\"url\":\"https:\/\/casacirana.com\/\",\"logo\":{\"@type\":\"ImageObject\",\"inLanguage\":\"en-US\",\"@id\":\"https:\/\/casacirana.com\/#\/schema\/logo\/image\/\",\"url\":\"https:\/\/casacirana.com\/wp-content\/uploads\/2024\/10\/casa-cirana-logo-200x200-1.png\",\"contentUrl\":\"https:\/\/casacirana.com\/wp-content\/uploads\/2024\/10\/casa-cirana-logo-200x200-1.png\",\"width\":202,\"height\":202,\"caption\":\"Restaurante Casa Cirana\"},\"image\":{\"@id\":\"https:\/\/casacirana.com\/#\/schema\/logo\/image\/\"},\"sameAs\":[\"https:\/\/www.instagram.com\/casacirana\"]}]}<\/script>\n<!-- \/ Yoast SEO Premium plugin. -->","yoast_head_json":{"title":"Casa Cirana Menu - Restaurant in Santander","description":"Casa Cirana Restaurant offers you a choice of \u00e0 la carte menus and also its tasting menus, Enxebre or Amodi\u00f1os, different ways to enjoy.","robots":{"index":"index","follow":"follow","max-snippet":"max-snippet:-1","max-image-preview":"max-image-preview:large","max-video-preview":"max-video-preview:-1"},"canonical":"https:\/\/casacirana.com\/en\/menu\/","og_locale":"en_US","og_type":"article","og_title":"Menu","og_description":"Casa Cirana Restaurant offers you a choice of \u00e0 la carte menus and also its tasting menus, Enxebre or Amodi\u00f1os, different ways to enjoy.","og_url":"https:\/\/casacirana.com\/en\/menu\/","og_site_name":"Restaurante Casa Cirana","article_modified_time":"2025-12-16T11:55:25+00:00","og_image":[{"width":1106,"height":770,"url":"https:\/\/casacirana.com\/wp-content\/uploads\/2025\/02\/menu-casa-cirana-1.jpg","type":"image\/jpeg"}],"twitter_card":"summary_large_image","twitter_misc":{"Est. reading time":"1 minute"},"schema":{"@context":"https:\/\/schema.org","@graph":[{"@type":"WebPage","@id":"https:\/\/casacirana.com\/en\/menu\/","url":"https:\/\/casacirana.com\/en\/menu\/","name":"Casa Cirana Menu - Restaurant in Santander","isPartOf":{"@id":"https:\/\/casacirana.com\/#website"},"primaryImageOfPage":{"@id":"https:\/\/casacirana.com\/en\/menu\/#primaryimage"},"image":{"@id":"https:\/\/casacirana.com\/en\/menu\/#primaryimage"},"thumbnailUrl":"https:\/\/casacirana.com\/wp-content\/uploads\/2025\/02\/menu-casa-cirana-1.jpg","datePublished":"2024-10-15T15:03:32+00:00","dateModified":"2025-12-16T11:55:25+00:00","description":"Casa Cirana Restaurant offers you a choice of \u00e0 la carte menus and also its tasting menus, Enxebre or Amodi\u00f1os, different ways to enjoy.","breadcrumb":{"@id":"https:\/\/casacirana.com\/en\/menu\/#breadcrumb"},"inLanguage":"en-US","potentialAction":[{"@type":"ReadAction","target":["https:\/\/casacirana.com\/en\/menu\/"]}]},{"@type":"ImageObject","inLanguage":"en-US","@id":"https:\/\/casacirana.com\/en\/menu\/#primaryimage","url":"https:\/\/casacirana.com\/wp-content\/uploads\/2025\/02\/menu-casa-cirana-1.jpg","contentUrl":"https:\/\/casacirana.com\/wp-content\/uploads\/2025\/02\/menu-casa-cirana-1.jpg"},{"@type":"BreadcrumbList","@id":"https:\/\/casacirana.com\/en\/menu\/#breadcrumb","itemListElement":[{"@type":"ListItem","position":1,"name":"Portada","item":"https:\/\/casacirana.com\/en\/casa-cirana\/"},{"@type":"ListItem","position":2,"name":"Menu"}]},{"@type":"WebSite","@id":"https:\/\/casacirana.com\/#website","url":"https:\/\/casacirana.com\/","name":"Restaurante Casa Cirana","description":"","publisher":{"@id":"https:\/\/casacirana.com\/#organization"},"potentialAction":[{"@type":"SearchAction","target":{"@type":"EntryPoint","urlTemplate":"https:\/\/casacirana.com\/?s={search_term_string}"},"query-input":{"@type":"PropertyValueSpecification","valueRequired":true,"valueName":"search_term_string"}}],"inLanguage":"en-US"},{"@type":"Organization","@id":"https:\/\/casacirana.com\/#organization","name":"Restaurante Casa Cirana","url":"https:\/\/casacirana.com\/","logo":{"@type":"ImageObject","inLanguage":"en-US","@id":"https:\/\/casacirana.com\/#\/schema\/logo\/image\/","url":"https:\/\/casacirana.com\/wp-content\/uploads\/2024\/10\/casa-cirana-logo-200x200-1.png","contentUrl":"https:\/\/casacirana.com\/wp-content\/uploads\/2024\/10\/casa-cirana-logo-200x200-1.png","width":202,"height":202,"caption":"Restaurante Casa Cirana"},"image":{"@id":"https:\/\/casacirana.com\/#\/schema\/logo\/image\/"},"sameAs":["https:\/\/www.instagram.com\/casacirana"]}]}},"_links":{"self":[{"href":"https:\/\/casacirana.com\/en\/wp-json\/wp\/v2\/pages\/1074","targetHints":{"allow":["GET"]}}],"collection":[{"href":"https:\/\/casacirana.com\/en\/wp-json\/wp\/v2\/pages"}],"about":[{"href":"https:\/\/casacirana.com\/en\/wp-json\/wp\/v2\/types\/page"}],"author":[{"embeddable":true,"href":"https:\/\/casacirana.com\/en\/wp-json\/wp\/v2\/users\/1"}],"replies":[{"embeddable":true,"href":"https:\/\/casacirana.com\/en\/wp-json\/wp\/v2\/comments?post=1074"}],"version-history":[{"count":3,"href":"https:\/\/casacirana.com\/en\/wp-json\/wp\/v2\/pages\/1074\/revisions"}],"predecessor-version":[{"id":1314,"href":"https:\/\/casacirana.com\/en\/wp-json\/wp\/v2\/pages\/1074\/revisions\/1314"}],"wp:attachment":[{"href":"https:\/\/casacirana.com\/en\/wp-json\/wp\/v2\/media?parent=1074"}],"curies":[{"name":"wp","href":"https:\/\/api.w.org\/{rel}","templated":true}]}}