{"id":1072,"date":"2025-01-30T16:49:07","date_gmt":"2025-01-30T15:49:07","guid":{"rendered":"https:\/\/casacirana.com\/declaracion-de-accesibilidad\/"},"modified":"2025-05-19T17:04:23","modified_gmt":"2025-05-19T15:04:23","slug":"declaracion-de-accesibilidad","status":"publish","type":"page","link":"https:\/\/casacirana.com\/en\/declaracion-de-accesibilidad\/","title":{"rendered":"Declaraci\u00f3n de accesibilidad"},"content":{"rendered":"\t\t<div data-elementor-type=\"wp-page\" data-elementor-id=\"1072\" class=\"elementor elementor-1072 elementor-591\" data-elementor-post-type=\"page\">\n\t\t\t\t\t\t<section class=\"elementor-section elementor-top-section elementor-element elementor-element-66b588ad elementor-section-stretched elementor-section-full_width elementor-reverse-tablet elementor-reverse-mobile elementor-section-height-default elementor-section-height-default\" data-id=\"66b588ad\" data-element_type=\"section\" data-settings=\"{&quot;stretch_section&quot;:&quot;section-stretched&quot;}\">\n\t\t\t\t\t\t<div class=\"elementor-container elementor-column-gap-no\">\n\t\t\t\t\t<div class=\"elementor-column elementor-col-100 elementor-top-column elementor-element elementor-element-18baa741\" data-id=\"18baa741\" data-element_type=\"column\">\n\t\t\t<div class=\"elementor-widget-wrap elementor-element-populated\">\n\t\t\t\t\t\t<div class=\"elementor-element elementor-element-6bfdf525 elementor-widget elementor-widget-heading\" data-id=\"6bfdf525\" data-element_type=\"widget\" data-widget_type=\"heading.default\">\n\t\t\t\t<div class=\"elementor-widget-container\">\n\t\t\t\t\t<h2 class=\"elementor-heading-title elementor-size-default\">Accessibility statement<\/h2>\t\t\t\t<\/div>\n\t\t\t\t<\/div>\n\t\t\t\t<div class=\"elementor-element elementor-element-69686e2b elementor-widget elementor-widget-text-editor\" data-id=\"69686e2b\" data-element_type=\"widget\" data-widget_type=\"text-editor.default\">\n\t\t\t\t<div class=\"elementor-widget-container\">\n\t\t\t\t\t\t\t\t\t<h3>Accessibility statement<\/h3>\n<div data-id=\"6b8855c\" data-element_type=\"widget\" data-widget_type=\"text-editor.default\">\n<div>\n<p>En CAS CIRANA&nbsp; trabajamos de forma continua para garantizar un acceso universal a nuestra Web, con el objetivo de que todas las personas, con independencia de su edad, discapacidad o cualesquiera otras circunstancias personales, puedan navegar por las p\u00e1ginas del dominio https:\/\/casacirana.com\/ sin encontrar dificultades de acceso.<\/p>\n<p>Los criterios adoptados para conseguir una mayor accesibilidad de la Web de CASA CIRANA se basan en las directrices&nbsp;<strong>WCAG\/WAI<\/strong>&nbsp;fijadas por el&nbsp;<strong><em>World Wide Web Consortium<\/em>&nbsp;(W3C)<\/strong>, que es la organizaci\u00f3n de car\u00e1cter supranacional que se encarga de la supervisi\u00f3n de las tecnolog\u00edas y la adopci\u00f3n de los est\u00e1ndares de Internet. En este sentido el desarrollo de la Web de<strong>&nbsp;CASA CIRANA<\/strong>&nbsp;se ha basado en el cumplimiento de las &nbsp;<strong>Pautas de accesibilidad para el Contenido<\/strong>&nbsp;en la web de la WCAG&nbsp; 2.1 del W3C-WAI en su nivel de exigencia AA.&nbsp;<strong>Everycode, S.L.<\/strong>, se ha encargado de realizar una auditor\u00eda de accesibilidad seg\u00fan los requisitos de las WCAG 2.1. en su nivel AA. <\/p>\n<p>La presente declaraci\u00f3n de accesibilidad se aplica al sitio web https:\/\/casacirana.com\/, excluyendo los contenidos incrustados provenientes de otros dominios.<\/p>\n<h5><strong>Situaci\u00f3n actual<\/strong><\/h5>\n<p>El sitio web&nbsp;casacirana.com ha sido certificado con la&nbsp;Certificaci\u00f3n inSuit AA&nbsp;seg\u00fan los requisitos de las WCAG 2.1 en su nivel AA.<\/p>\n<p>Algunas de las funcionalidades implementadas en el sitio web https:\/\/casacirana.com\/, para permitir una mayor accesibilidad a sus contenidos, son:<\/p>\n<ul>\n<li>Las&nbsp;<strong>caracter\u00edsticas visuales<\/strong>&nbsp;del portal (tipo de letra, color de fuente y fondo, etc.) se definen mediante la hoja de estilos para que el usuario pueda&nbsp;<strong>ajustar el texto a sus preferencias<\/strong>.<\/li>\n<li>Los tama\u00f1os de las&nbsp;<strong>fuentes&nbsp;<\/strong>se han definido con&nbsp;<strong>unidades relativas<\/strong>&nbsp;para que pueda ampliar o disminuir el tama\u00f1o de la fuente desde las opciones del navegador.<\/li>\n<li>Si un usuario accede a la p\u00e1gina con un navegador que no soporta hoja de estilos, no supondr\u00e1 una dificultad, ya que de igual manera se puede acceder a todos los contenidos con la CSS desactivada.<\/li>\n<li>Las p\u00e1ginas tienen una estructura clara tanto para el usuario que puede ver todo el contenido, como para el que lee la informaci\u00f3n con un lector de pantalla, usuarios que desactivan la hoja de estilos, etc. Bajo este objetivo, se han definido mediante el c\u00f3digo HTML los encabezados de secci\u00f3n, las listas y todos los elementos que ayudan a la comprensi\u00f3n general del sitio web. <\/li>\n<li>El c\u00f3digo HTML y CSS empleado se ajusta a las gram\u00e1ticas formales para garantizar la correcta visualizaci\u00f3n de los contenidos en distintos navegadores.<\/li>\n<\/ul>\n<h5><strong>Preparaci\u00f3n de la presente declaraci\u00f3n de accesibilidad<\/strong><\/h5>\n<p>La presente declaraci\u00f3n fue preparada el&nbsp;<strong>10 de enero de 2025<\/strong>.<\/p>\n<p>El m\u00e9todo empleado para preparar la declaraci\u00f3n ha sido una auditor\u00eda de accesibilidad llevada a cabo por la empresa&nbsp;<strong>Everycode, S.L.<\/strong>&nbsp;el&nbsp;<strong>10\/01\/2025<\/strong>.<\/p>\n<p>\u00daltima revisi\u00f3n de la declaraci\u00f3n: 10 de enero de 2025.<\/p>\n<p>El resultado de la auditor\u00eda ha sido plenamente conforme seg\u00fan los requisitos de las WCAG 2.1 en su nivel AA, lo que refleja el cumplimiento del nivel de accesibilidad exigido por la legislaci\u00f3n vigente.<\/p>\n<p>Pueden aportar sugerencias o peticiones sobre accesibilidad web en el formulario de contacto:&nbsp;<a href=\"mailto:info@casacirana.com\">info@casacirana.com<\/a><\/p>\n<\/div>\n<\/div>\t\t\t\t\t\t\t\t<\/div>\n\t\t\t\t<\/div>\n\t\t\t\t\t<\/div>\n\t\t<\/div>\n\t\t\t\t\t<\/div>\n\t\t<\/section>\n\t\t\t\t<\/div>\n\t\t","protected":false},"excerpt":{"rendered":"<p>Accessibility statement Accessibility statement En CAS CIRANA&nbsp; trabajamos de forma continua para garantizar un acceso universal a nuestra Web, con el objetivo de que todas las personas, con independencia de su edad, discapacidad o cualesquiera otras circunstancias personales, puedan navegar por las p\u00e1ginas del dominio https:\/\/casacirana.com\/ sin encontrar dificultades de acceso. Los criterios adoptados para [&hellip;]<\/p>\n","protected":false},"author":1,"featured_media":0,"parent":0,"menu_order":0,"comment_status":"closed","ping_status":"closed","template":"elementor_header_footer","meta":{"footnotes":""},"class_list":["post-1072","page","type-page","status-publish","hentry"],"yoast_head":"<!-- This site is optimized with the Yoast SEO Premium plugin v26.2 (Yoast SEO v26.8) - https:\/\/yoast.com\/product\/yoast-seo-premium-wordpress\/ -->\n<title>Declaraci\u00f3n de accesibilidad - Restaurante Casa Cirana<\/title>\n<meta name=\"robots\" content=\"index, follow, max-snippet:-1, max-image-preview:large, max-video-preview:-1\" \/>\n<link rel=\"canonical\" href=\"https:\/\/casacirana.com\/en\/declaracion-de-accesibilidad\/\" \/>\n<meta property=\"og:locale\" content=\"en_US\" \/>\n<meta property=\"og:type\" content=\"article\" \/>\n<meta property=\"og:title\" content=\"Declaraci\u00f3n de accesibilidad\" \/>\n<meta property=\"og:description\" content=\"Accessibility statement Accessibility statement En CAS CIRANA&nbsp; trabajamos de forma continua para garantizar un acceso universal a nuestra Web, con el objetivo de que todas las personas, con independencia de su edad, discapacidad o cualesquiera otras circunstancias personales, puedan navegar por las p\u00e1ginas del dominio https:\/\/casacirana.com\/ sin encontrar dificultades de acceso. Los criterios adoptados para [&hellip;]\" \/>\n<meta property=\"og:url\" content=\"https:\/\/casacirana.com\/en\/declaracion-de-accesibilidad\/\" \/>\n<meta property=\"og:site_name\" content=\"Restaurante Casa Cirana\" \/>\n<meta property=\"article:modified_time\" content=\"2025-05-19T15:04:23+00:00\" \/>\n<meta name=\"twitter:card\" content=\"summary_large_image\" \/>\n<meta name=\"twitter:label1\" content=\"Est. reading time\" \/>\n\t<meta name=\"twitter:data1\" content=\"3 minutes\" \/>\n<script type=\"application\/ld+json\" class=\"yoast-schema-graph\">{\"@context\":\"https:\/\/schema.org\",\"@graph\":[{\"@type\":\"WebPage\",\"@id\":\"https:\/\/casacirana.com\/en\/declaracion-de-accesibilidad\/\",\"url\":\"https:\/\/casacirana.com\/en\/declaracion-de-accesibilidad\/\",\"name\":\"Declaraci\u00f3n de accesibilidad - Restaurante Casa Cirana\",\"isPartOf\":{\"@id\":\"https:\/\/casacirana.com\/#website\"},\"datePublished\":\"2025-01-30T15:49:07+00:00\",\"dateModified\":\"2025-05-19T15:04:23+00:00\",\"breadcrumb\":{\"@id\":\"https:\/\/casacirana.com\/en\/declaracion-de-accesibilidad\/#breadcrumb\"},\"inLanguage\":\"en-US\",\"potentialAction\":[{\"@type\":\"ReadAction\",\"target\":[\"https:\/\/casacirana.com\/en\/declaracion-de-accesibilidad\/\"]}]},{\"@type\":\"BreadcrumbList\",\"@id\":\"https:\/\/casacirana.com\/en\/declaracion-de-accesibilidad\/#breadcrumb\",\"itemListElement\":[{\"@type\":\"ListItem\",\"position\":1,\"name\":\"Portada\",\"item\":\"https:\/\/casacirana.com\/en\/casa-cirana\/\"},{\"@type\":\"ListItem\",\"position\":2,\"name\":\"Declaraci\u00f3n de accesibilidad\"}]},{\"@type\":\"WebSite\",\"@id\":\"https:\/\/casacirana.com\/#website\",\"url\":\"https:\/\/casacirana.com\/\",\"name\":\"Restaurante Casa Cirana\",\"description\":\"\",\"publisher\":{\"@id\":\"https:\/\/casacirana.com\/#organization\"},\"potentialAction\":[{\"@type\":\"SearchAction\",\"target\":{\"@type\":\"EntryPoint\",\"urlTemplate\":\"https:\/\/casacirana.com\/?s={search_term_string}\"},\"query-input\":{\"@type\":\"PropertyValueSpecification\",\"valueRequired\":true,\"valueName\":\"search_term_string\"}}],\"inLanguage\":\"en-US\"},{\"@type\":\"Organization\",\"@id\":\"https:\/\/casacirana.com\/#organization\",\"name\":\"Restaurante Casa Cirana\",\"url\":\"https:\/\/casacirana.com\/\",\"logo\":{\"@type\":\"ImageObject\",\"inLanguage\":\"en-US\",\"@id\":\"https:\/\/casacirana.com\/#\/schema\/logo\/image\/\",\"url\":\"https:\/\/casacirana.com\/wp-content\/uploads\/2024\/10\/casa-cirana-logo-200x200-1.png\",\"contentUrl\":\"https:\/\/casacirana.com\/wp-content\/uploads\/2024\/10\/casa-cirana-logo-200x200-1.png\",\"width\":202,\"height\":202,\"caption\":\"Restaurante Casa Cirana\"},\"image\":{\"@id\":\"https:\/\/casacirana.com\/#\/schema\/logo\/image\/\"},\"sameAs\":[\"https:\/\/www.instagram.com\/casacirana\"]}]}<\/script>\n<!-- \/ Yoast SEO Premium plugin. -->","yoast_head_json":{"title":"Declaraci\u00f3n de accesibilidad - Restaurante Casa Cirana","robots":{"index":"index","follow":"follow","max-snippet":"max-snippet:-1","max-image-preview":"max-image-preview:large","max-video-preview":"max-video-preview:-1"},"canonical":"https:\/\/casacirana.com\/en\/declaracion-de-accesibilidad\/","og_locale":"en_US","og_type":"article","og_title":"Declaraci\u00f3n de accesibilidad","og_description":"Accessibility statement Accessibility statement En CAS CIRANA&nbsp; trabajamos de forma continua para garantizar un acceso universal a nuestra Web, con el objetivo de que todas las personas, con independencia de su edad, discapacidad o cualesquiera otras circunstancias personales, puedan navegar por las p\u00e1ginas del dominio https:\/\/casacirana.com\/ sin encontrar dificultades de acceso. Los criterios adoptados para [&hellip;]","og_url":"https:\/\/casacirana.com\/en\/declaracion-de-accesibilidad\/","og_site_name":"Restaurante Casa Cirana","article_modified_time":"2025-05-19T15:04:23+00:00","twitter_card":"summary_large_image","twitter_misc":{"Est. reading time":"3 minutes"},"schema":{"@context":"https:\/\/schema.org","@graph":[{"@type":"WebPage","@id":"https:\/\/casacirana.com\/en\/declaracion-de-accesibilidad\/","url":"https:\/\/casacirana.com\/en\/declaracion-de-accesibilidad\/","name":"Declaraci\u00f3n de accesibilidad - Restaurante Casa Cirana","isPartOf":{"@id":"https:\/\/casacirana.com\/#website"},"datePublished":"2025-01-30T15:49:07+00:00","dateModified":"2025-05-19T15:04:23+00:00","breadcrumb":{"@id":"https:\/\/casacirana.com\/en\/declaracion-de-accesibilidad\/#breadcrumb"},"inLanguage":"en-US","potentialAction":[{"@type":"ReadAction","target":["https:\/\/casacirana.com\/en\/declaracion-de-accesibilidad\/"]}]},{"@type":"BreadcrumbList","@id":"https:\/\/casacirana.com\/en\/declaracion-de-accesibilidad\/#breadcrumb","itemListElement":[{"@type":"ListItem","position":1,"name":"Portada","item":"https:\/\/casacirana.com\/en\/casa-cirana\/"},{"@type":"ListItem","position":2,"name":"Declaraci\u00f3n de accesibilidad"}]},{"@type":"WebSite","@id":"https:\/\/casacirana.com\/#website","url":"https:\/\/casacirana.com\/","name":"Restaurante Casa Cirana","description":"","publisher":{"@id":"https:\/\/casacirana.com\/#organization"},"potentialAction":[{"@type":"SearchAction","target":{"@type":"EntryPoint","urlTemplate":"https:\/\/casacirana.com\/?s={search_term_string}"},"query-input":{"@type":"PropertyValueSpecification","valueRequired":true,"valueName":"search_term_string"}}],"inLanguage":"en-US"},{"@type":"Organization","@id":"https:\/\/casacirana.com\/#organization","name":"Restaurante Casa Cirana","url":"https:\/\/casacirana.com\/","logo":{"@type":"ImageObject","inLanguage":"en-US","@id":"https:\/\/casacirana.com\/#\/schema\/logo\/image\/","url":"https:\/\/casacirana.com\/wp-content\/uploads\/2024\/10\/casa-cirana-logo-200x200-1.png","contentUrl":"https:\/\/casacirana.com\/wp-content\/uploads\/2024\/10\/casa-cirana-logo-200x200-1.png","width":202,"height":202,"caption":"Restaurante Casa Cirana"},"image":{"@id":"https:\/\/casacirana.com\/#\/schema\/logo\/image\/"},"sameAs":["https:\/\/www.instagram.com\/casacirana"]}]}},"_links":{"self":[{"href":"https:\/\/casacirana.com\/en\/wp-json\/wp\/v2\/pages\/1072","targetHints":{"allow":["GET"]}}],"collection":[{"href":"https:\/\/casacirana.com\/en\/wp-json\/wp\/v2\/pages"}],"about":[{"href":"https:\/\/casacirana.com\/en\/wp-json\/wp\/v2\/types\/page"}],"author":[{"embeddable":true,"href":"https:\/\/casacirana.com\/en\/wp-json\/wp\/v2\/users\/1"}],"replies":[{"embeddable":true,"href":"https:\/\/casacirana.com\/en\/wp-json\/wp\/v2\/comments?post=1072"}],"version-history":[{"count":1,"href":"https:\/\/casacirana.com\/en\/wp-json\/wp\/v2\/pages\/1072\/revisions"}],"predecessor-version":[{"id":1073,"href":"https:\/\/casacirana.com\/en\/wp-json\/wp\/v2\/pages\/1072\/revisions\/1073"}],"wp:attachment":[{"href":"https:\/\/casacirana.com\/en\/wp-json\/wp\/v2\/media?parent=1072"}],"curies":[{"name":"wp","href":"https:\/\/api.w.org\/{rel}","templated":true}]}}